{"id":2107,"date":"2021-03-01T07:57:55","date_gmt":"2021-03-01T07:57:55","guid":{"rendered":"https:\/\/gudhjemcamping.dk\/colibri-wp\/"},"modified":"2026-01-01T13:02:07","modified_gmt":"2026-01-01T13:02:07","slug":"colibri-wp","status":"publish","type":"page","link":"https:\/\/gudhjemcamping.dk\/","title":{"rendered":"Gudhjem Camping"},"content":{"rendered":"\n<p class=\"has-text-align-center has-large-font-size\"><strong>\u00c5bent fra 1. marts til 31. oktober<\/strong><\/p>\n\n\n\n<p>Gudhjem Camping har en rolig og afslappet atmosf\u00e6re. N\u00e5r man er p\u00e5 campingpladsen er det muligt at nyde synet af klipperne og udsigten til \u00d8sters\u00f8ens bl\u00e5 vand.<\/p>\n\n\n\n<p>Gudhjem Camping er for det \u201cvoksne publikum\u201d, der findes ingen legeplads p\u00e5 omr\u00e5det.<\/p>\n\n\n\n<p>G\u00e5 en tur ud p\u00e5 klipperne og en storsl\u00e5et natur er lige pludselig meget t\u00e6t p\u00e5, det samme er stilheden. Nyd udsigten over \u00d8sters\u00f8ens bl\u00e5 vand, hvor man ogs\u00e5 kan se Christians\u00f8 i det fjerne.<\/p>\n\n\n\n<p>Gudhjem Camping ligger t\u00e6t p\u00e5 byen, der er ca 800 meter til havnen. G\u00e5 ad den gamle idylliske og charmerende redningsti, som g\u00e5r fra campingpladsen ind til Gudhjem havn, denne tur tager ca 10 minutter. N\u00e5r du er i byen s\u00e5 pr\u00f8v og g\u00e5 en tur ad de mange sm\u00e5 hyggelige gader.<\/p>\n\n\n\n<p>P\u00e5 campingen ligger lagunen, som er en stenstrand, det er muligt at bade derfra. Hvis man mere er til sandstrand ligger denne ca 300 meter v\u00e6k fra campingen, man kan g\u00e5 dertil igennem den&nbsp;idylliske og charmerende Melsted by.<\/p>\n\n\n\n<p>Gudhjem by har meget at byde p\u00e5, f.eks. spisesteder, Hos Mette, is-butikken <em>Gudhjem<\/em> Special, Karamelkompagniet, Pandekagehuset, Gudhjem r\u00f8geri, Bornholms middelaldercenter, Melstedg\u00e5rd landbrugsmuseum, Borngolf. Fra havnen g\u00e5r der b\u00e5d til Christians\u00f8 samt en b\u00e5d til Helligdoms klipperne<\/p>\n\n\n\n<p>Idylliske Gudhjem er optaget som bjergby i danskebjerge.dk. Byens knap 400 meter lange hovedgade, der starter ved havnen og slutter oppe ved landevejen, stiger 38 h\u00f8jdemeter, svarende til en stigningsprocent p\u00e5 lige omkring 10% i snit. Malkestien der er en sidevej til hovedgaden har en stigning p\u00e5 18,5%.<\/p>\n\n\n\n<p>Campingpladsen er samtidig et rigtig godt udgangspunkt for udflugter til resten af Bornholm. Her er alle de ting, som er med til at g\u00f8re campingturen til en god ferie.<\/p>\n\n\n\n<p>Vi gl\u00e6der os til at hilse p\u00e5 jer<\/p>\n\n\n\n<p>Nicki, Lene og Michael<\/p>\n","protected":false},"excerpt":{"rendered":"<p>\u00c5bent fra 1. marts til 31. oktober Gudhjem Camping har en rolig og afslappet atmosf\u00e6re. N\u00e5r man er p\u00e5 campingpladsen er det muligt at nyde synet af klipperne og udsigten [&hellip;]<\/p>\n","protected":false},"author":1,"featured_media":0,"parent":0,"menu_order":0,"comment_status":"closed","ping_status":"closed","template":"","meta":{"jetpack_post_was_ever_published":false,"footnotes":""},"yst_prominent_words":[],"jetpack_sharing_enabled":true,"jetpack_shortlink":"https:\/\/wp.me\/P88OCV-xZ","jetpack-related-posts":[],"jetpack_likes_enabled":true,"_links":{"self":[{"href":"https:\/\/gudhjemcamping.dk\/index.php?rest_route=\/wp\/v2\/pages\/2107"}],"collection":[{"href":"https:\/\/gudhjemcamping.dk\/index.php?rest_route=\/wp\/v2\/pages"}],"about":[{"href":"https:\/\/gudhjemcamping.dk\/index.php?rest_route=\/wp\/v2\/types\/page"}],"author":[{"embeddable":true,"href":"https:\/\/gudhjemcamping.dk\/index.php?rest_route=\/wp\/v2\/users\/1"}],"replies":[{"embeddable":true,"href":"https:\/\/gudhjemcamping.dk\/index.php?rest_route=%2Fwp%2Fv2%2Fcomments&post=2107"}],"version-history":[{"count":10,"href":"https:\/\/gudhjemcamping.dk\/index.php?rest_route=\/wp\/v2\/pages\/2107\/revisions"}],"predecessor-version":[{"id":2829,"href":"https:\/\/gudhjemcamping.dk\/index.php?rest_route=\/wp\/v2\/pages\/2107\/revisions\/2829"}],"wp:attachment":[{"href":"https:\/\/gudhjemcamping.dk\/index.php?rest_route=%2Fwp%2Fv2%2Fmedia&parent=2107"}],"wp:term":[{"taxonomy":"yst_prominent_words","embeddable":true,"href":"https:\/\/gudhjemcamping.dk\/index.php?rest_route=%2Fwp%2Fv2%2Fyst_prominent_words&post=2107"}],"curies":[{"name":"wp","href":"https:\/\/api.w.org\/{rel}","templated":true}]}}