{"id":2485,"date":"2022-06-16T11:20:46","date_gmt":"2022-06-16T11:20:46","guid":{"rendered":"https:\/\/gudhjemcamping.dk\/?page_id=2485"},"modified":"2024-03-31T14:51:40","modified_gmt":"2024-03-31T14:51:40","slug":"rejse-forsikring","status":"publish","type":"page","link":"https:\/\/gudhjemcamping.dk\/?page_id=2485","title":{"rendered":"Rejse-forsikring"},"content":{"rendered":"\n<p>Hvordan d\u00e6kker rejseforsikringen p\u00e5 campingferien og hvad skal man huske inden man rejser? Find svar p\u00e5 alt om rejseforsikringer til campingferien i denne guide.<\/p>\n\n\n\n<figure class=\"wp-block-embed is-type-wp-embed is-provider-rejseforsikringsguiden-dk wp-block-embed-rejseforsikringsguiden-dk\"><div class=\"wp-block-embed__wrapper\">\n<blockquote class=\"wp-embedded-content\" data-secret=\"fi9mgJSZMK\"><a href=\"https:\/\/www.rejseforsikringsguiden.dk\/guide-til-rejseforsikring-paa-campingferien\/\">Guide til rejseforsikring p\u00e5 campingferien (i 2022)<\/a><\/blockquote><iframe class=\"wp-embedded-content\" sandbox=\"allow-scripts\" security=\"restricted\" style=\"position: absolute; clip: rect(1px, 1px, 1px, 1px);\" title=\"&#8220;Guide til rejseforsikring p\u00e5 campingferien (i 2022)&#8221; &#8212; RejseforsikringsGuiden.dk\" src=\"https:\/\/www.rejseforsikringsguiden.dk\/guide-til-rejseforsikring-paa-campingferien\/embed\/#?secret=25N12qkv4H#?secret=fi9mgJSZMK\" data-secret=\"fi9mgJSZMK\" width=\"600\" height=\"338\" frameborder=\"0\" marginwidth=\"0\" marginheight=\"0\" scrolling=\"no\"><\/iframe>\n<\/div><\/figure>\n","protected":false},"excerpt":{"rendered":"<p>Hvordan d\u00e6kker rejseforsikringen p\u00e5 campingferien og hvad skal man huske inden man rejser? Find svar p\u00e5 alt om rejseforsikringer til campingferien i denne guide.<\/p>\n","protected":false},"author":1,"featured_media":0,"parent":0,"menu_order":0,"comment_status":"closed","ping_status":"closed","template":"","meta":{"jetpack_post_was_ever_published":false,"footnotes":""},"yst_prominent_words":[],"jetpack_sharing_enabled":true,"jetpack_shortlink":"https:\/\/wp.me\/P88OCV-E5","jetpack-related-posts":[],"jetpack_likes_enabled":true,"_links":{"self":[{"href":"https:\/\/gudhjemcamping.dk\/index.php?rest_route=\/wp\/v2\/pages\/2485"}],"collection":[{"href":"https:\/\/gudhjemcamping.dk\/index.php?rest_route=\/wp\/v2\/pages"}],"about":[{"href":"https:\/\/gudhjemcamping.dk\/index.php?rest_route=\/wp\/v2\/types\/page"}],"author":[{"embeddable":true,"href":"https:\/\/gudhjemcamping.dk\/index.php?rest_route=\/wp\/v2\/users\/1"}],"replies":[{"embeddable":true,"href":"https:\/\/gudhjemcamping.dk\/index.php?rest_route=%2Fwp%2Fv2%2Fcomments&post=2485"}],"version-history":[{"count":2,"href":"https:\/\/gudhjemcamping.dk\/index.php?rest_route=\/wp\/v2\/pages\/2485\/revisions"}],"predecessor-version":[{"id":2689,"href":"https:\/\/gudhjemcamping.dk\/index.php?rest_route=\/wp\/v2\/pages\/2485\/revisions\/2689"}],"wp:attachment":[{"href":"https:\/\/gudhjemcamping.dk\/index.php?rest_route=%2Fwp%2Fv2%2Fmedia&parent=2485"}],"wp:term":[{"taxonomy":"yst_prominent_words","embeddable":true,"href":"https:\/\/gudhjemcamping.dk\/index.php?rest_route=%2Fwp%2Fv2%2Fyst_prominent_words&post=2485"}],"curies":[{"name":"wp","href":"https:\/\/api.w.org\/{rel}","templated":true}]}}