{"id":2695,"date":"2024-03-31T15:26:59","date_gmt":"2024-03-31T15:26:59","guid":{"rendered":"https:\/\/gudhjemcamping.dk\/?page_id=2695"},"modified":"2025-06-23T06:32:38","modified_gmt":"2025-06-23T06:32:38","slug":"butikken","status":"publish","type":"page","link":"https:\/\/gudhjemcamping.dk\/?page_id=2695","title":{"rendered":"Butikken"},"content":{"rendered":"\n<p><strong>Camping butikken:<\/strong><\/p>\n\n\n\n<hr class=\"wp-block-separator has-alpha-channel-opacity\"\/>\n\n\n\n<p><strong>Camping bageriet<\/strong> har friskbagt morgenbr\u00f8d. <\/p>\n\n\n\n<p>VI \u00e5bner fra kl 7 hver dag, ingen forudbestilling<\/p>\n\n\n\n<p><strong>Camping bageriet har: <\/strong><\/p>\n\n\n\n<figure class=\"wp-block-image size-full is-resized\"><a href=\"https:\/\/findsmiley.dk\/647656\" target=\"_blank\" rel=\"noreferrer noopener\"><img loading=\"lazy\" decoding=\"async\" width=\"227\" height=\"222\" data-attachment-id=\"2664\" data-permalink=\"https:\/\/gudhjemcamping.dk\/?attachment_id=2664\" data-orig-file=\"https:\/\/i0.wp.com\/gudhjemcamping.dk\/wp-content\/uploads\/2024\/03\/foedevarestyrelsen-1.png?fit=227%2C222&amp;ssl=1\" data-orig-size=\"227,222\" data-comments-opened=\"1\" data-image-meta=\"{&quot;aperture&quot;:&quot;0&quot;,&quot;credit&quot;:&quot;&quot;,&quot;camera&quot;:&quot;&quot;,&quot;caption&quot;:&quot;&quot;,&quot;created_timestamp&quot;:&quot;0&quot;,&quot;copyright&quot;:&quot;&quot;,&quot;focal_length&quot;:&quot;0&quot;,&quot;iso&quot;:&quot;0&quot;,&quot;shutter_speed&quot;:&quot;0&quot;,&quot;title&quot;:&quot;&quot;,&quot;orientation&quot;:&quot;0&quot;}\" data-image-title=\"foedevarestyrelsen-1\" data-image-description=\"\" data-image-caption=\"\" data-medium-file=\"https:\/\/i0.wp.com\/gudhjemcamping.dk\/wp-content\/uploads\/2024\/03\/foedevarestyrelsen-1.png?fit=227%2C222&amp;ssl=1\" data-large-file=\"https:\/\/i0.wp.com\/gudhjemcamping.dk\/wp-content\/uploads\/2024\/03\/foedevarestyrelsen-1.png?fit=227%2C222&amp;ssl=1\" tabindex=\"0\" role=\"button\" src=\"https:\/\/i0.wp.com\/gudhjemcamping.dk\/wp-content\/uploads\/2024\/03\/foedevarestyrelsen-1.png?resize=227%2C222&#038;ssl=1\" alt=\"\" class=\"wp-image-2664\" style=\"width:99px;height:auto\" srcset=\"https:\/\/i0.wp.com\/gudhjemcamping.dk\/wp-content\/uploads\/2024\/03\/foedevarestyrelsen-1.png?w=227&amp;ssl=1 227w, https:\/\/i0.wp.com\/gudhjemcamping.dk\/wp-content\/uploads\/2024\/03\/foedevarestyrelsen-1.png?resize=50%2C50&amp;ssl=1 50w\" sizes=\"(max-width: 227px) 100vw, 227px\" data-recalc-dims=\"1\" \/><\/a><\/figure>\n\n\n\n<hr class=\"wp-block-separator has-alpha-channel-opacity\"\/>\n\n\n\n<p><strong>Butikken:<\/strong><\/p>\n\n\n\n<p>I butikken er det muligt at k\u00f8be is og kolde drikke samt kaffe og te m.m. Vi har et begr\u00e6nset udvalg i dagligvarer<\/p>\n\n\n\n<hr class=\"wp-block-separator has-alpha-channel-opacity\"\/>\n\n\n\n<p><strong>\u00d8ens campingshop:<\/strong><\/p>\n\n\n\n<p>Vi har ogs\u00e5 et udvalg af camping udstyr, se mere her <a href=\"https:\/\/gudhjemcamping.dk\/?page_id=681\" target=\"_blank\" rel=\"noreferrer noopener\">\u00d8ens campingshop<\/a><\/p>\n\n\n\n<hr class=\"wp-block-separator has-alpha-channel-opacity\"\/>\n\n\n\n<p><strong>Vaskeri:<\/strong><\/p>\n\n\n\n<p>Findes oppe i butikken<\/p>\n\n\n\n<p>Med en vaskemaskine og en t\u00f8rretumbler<\/p>\n\n\n\n<p>Maskinerne kan bruges mod betaling<\/p>\n\n\n\n<p>Der er kun adgang til maskinerne i butikkens \u00e5bningstid<\/p>\n","protected":false},"excerpt":{"rendered":"<p>Camping butikken: Camping bageriet har friskbagt morgenbr\u00f8d. VI \u00e5bner fra kl 7 hver dag, ingen forudbestilling Camping bageriet har: Butikken: I butikken er det muligt at k\u00f8be is og kolde [&hellip;]<\/p>\n","protected":false},"author":1,"featured_media":2664,"parent":0,"menu_order":0,"comment_status":"closed","ping_status":"closed","template":"","meta":{"jetpack_post_was_ever_published":false,"footnotes":""},"yst_prominent_words":[],"jetpack_sharing_enabled":true,"jetpack_shortlink":"https:\/\/wp.me\/P88OCV-Ht","jetpack-related-posts":[],"jetpack_likes_enabled":true,"_links":{"self":[{"href":"https:\/\/gudhjemcamping.dk\/index.php?rest_route=\/wp\/v2\/pages\/2695"}],"collection":[{"href":"https:\/\/gudhjemcamping.dk\/index.php?rest_route=\/wp\/v2\/pages"}],"about":[{"href":"https:\/\/gudhjemcamping.dk\/index.php?rest_route=\/wp\/v2\/types\/page"}],"author":[{"embeddable":true,"href":"https:\/\/gudhjemcamping.dk\/index.php?rest_route=\/wp\/v2\/users\/1"}],"replies":[{"embeddable":true,"href":"https:\/\/gudhjemcamping.dk\/index.php?rest_route=%2Fwp%2Fv2%2Fcomments&post=2695"}],"version-history":[{"count":6,"href":"https:\/\/gudhjemcamping.dk\/index.php?rest_route=\/wp\/v2\/pages\/2695\/revisions"}],"predecessor-version":[{"id":2818,"href":"https:\/\/gudhjemcamping.dk\/index.php?rest_route=\/wp\/v2\/pages\/2695\/revisions\/2818"}],"wp:featuredmedia":[{"embeddable":true,"href":"https:\/\/gudhjemcamping.dk\/index.php?rest_route=\/wp\/v2\/media\/2664"}],"wp:attachment":[{"href":"https:\/\/gudhjemcamping.dk\/index.php?rest_route=%2Fwp%2Fv2%2Fmedia&parent=2695"}],"wp:term":[{"taxonomy":"yst_prominent_words","embeddable":true,"href":"https:\/\/gudhjemcamping.dk\/index.php?rest_route=%2Fwp%2Fv2%2Fyst_prominent_words&post=2695"}],"curies":[{"name":"wp","href":"https:\/\/api.w.org\/{rel}","templated":true}]}}